{"id":11,"date":"2015-05-19T19:00:12","date_gmt":"2015-05-19T17:00:12","guid":{"rendered":"http:\/\/golesymarcadores.es\/?page_id=11"},"modified":"2015-07-14T12:11:49","modified_gmt":"2015-07-14T10:11:49","slug":"estrategias-apuestas","status":"publish","type":"page","link":"http:\/\/golesymarcadores.es\/en_US\/estrategias-apuestas\/","title":{"rendered":"Estrategias de apuestas"},"content":{"rendered":"<p>En el mundo de las apuestas es importante conocer de primera mano estrategias y t\u00e1cticas para as\u00ed poder realizar con cabeza nuestras apuestas y tener m\u00e1s opciones de ganar.<\/p>\n<p>Aunque no hay una clave exitosa para vencer a una casa de apuestas, por lo menos que nosotros sepamos, el tener conocimiento de las principales <strong><a href=\"http:\/\/www.webapuestas.com\/estrategias-apuestas\/index.html\" target=\"_blank\">estrategias de apuestas<\/a><\/strong> y t\u00e1cticas para apostar en los distintos deportes nos dota de una mayor probabilidad de acierto.<\/p>\n<p>Para todos aquellos apostantes que se inicien en el apasionante mundo de las apuestas, es recomendable conocer algunas estrategias b\u00e1sicas para tener una mayor probabilidad de acierto. Recuerda que est\u00e1s t\u00e9cnicas son aplicables en todas y cada una de las casas de apuestas, por lo que puedes emplearlas en Bet365, Betfair, William Hill, Luckia, Sportium, Suertia,etc.<\/p>\n<p>A continuaci\u00f3n vamos a presentarte algunas de las <strong><a href=\"http:\/\/www.webapuestas.com\/estrategias-apuestas\/index.html\" target=\"_blank\">estrategias de apuestas<\/a><\/strong> m\u00e1s comunes en f\u00fatbol, tenis y baloncesto para que puedas entender mucho mejor de lo que estamos hablando.<\/p>\n<p>Comenzamos por el \u201cdeporte rey\u201d presentado una estrategia de apuestas de f\u00fatbol, apuesta a goles totales m\u00e1s o igual a 1(over 0,5). En este caso se trata de apostar a cuotas bajas en dicho mercado, lo que implica que solamente el 0-0 destruir\u00eda dicha estrategia. Normalmente las cuotas que rondan este mercado son de entre 1.06 y 1.08.<\/p>\n<p>Nuestra sugerencia en este caso es no apostar a Ligas como la Serie A, que por norma general tienen pocos goles por partido y si que recomendamos apostar a la Liga BBVA o Premier League, competiciones en las que suelen producirse resultados m\u00e1s amplios.<\/p>\n<p>Lo mejor para tener \u00e9xito en este tipo de apuestas es elegir un equipo con un alto potencial ofensivo y que adem\u00e1s est\u00e9 acertado de cara al gol, poniendo especial atenci\u00f3n a las posibles bajas de los delanteros estrella de dicho equipo. Con este tipo de apuesta se pretende doblar la cantidad apostada inicialmente en 20 apuestas.<\/p>\n<p>Si eres de los que prefieres el tenis, una buena opci\u00f3n ser\u00eda apostar a ganador del torneo y layear sus partidos. Esta<strong> <a href=\"http:\/\/www.webapuestas.com\/estrategias-apuestas\/tenis\/index.html\" target=\"_blank\">estrategia de apuestas en tenis<\/a><\/strong> consiste en escoger un jugador que pensemos que no va a llegar lejos en el torneo y apostar a su favor como ganador del mismo.<\/p>\n<p>La cuota ser\u00e1 muy elevada, y la posible ganancia ser\u00e1 el capital de que dispondr\u00e1s para apostar en contra de sus partidos, hasta que quede eliminado del torneo.<\/p>\n<p>Terminamos mostrando un ejemplo de lo que ser\u00eda una estrategia de apuestas en baloncesto con la NBA y es que una de las mejores estrategias que podemos emplear ser\u00eda apostar a la NBA en contra de las rachas de victorias o derrotas consecutivas que se producen cada temporada. Al tratarse de una competici\u00f3n con un elevado n\u00famero de partidos es apropiada para emplear esta estrategia.<\/p>\n<p>En Webapuestas.com puedes encontrar un apartado donde encontrar\u00e1s \u00e9stas y muchas otras <strong><a href=\"http:\/\/www.webapuestas.com\/estrategias-apuestas\/index.html\" target=\"_blank\">estrategias para realizar tus apuestas<\/a><\/strong>, as\u00ed como una gu\u00eda de apuestas para aquellos usuarios que se est\u00e9n iniciando.<\/p>\n","protected":false},"excerpt":{"rendered":"<p>En el mundo de las apuestas es importante conocer de primera mano estrategias y t\u00e1cticas para as\u00ed poder realizar con cabeza nuestras apuestas y tener m\u00e1s opciones de ganar. Aunque no hay una clave exitosa para vencer a una casa de apuestas, por lo menos que nosotros sepamos, el tener conocimiento de las principales estrategias <a href=\"http:\/\/golesymarcadores.es\/en_US\/estrategias-apuestas\/\" rel=\"nofollow\"><span class=\"sr-only\">Read more about Estrategias de apuestas<\/span>[&hellip;]<\/a><\/p>\n","protected":false},"author":1,"featured_media":0,"parent":0,"menu_order":0,"comment_status":"open","ping_status":"open","template":"","meta":{"rop_custom_images_group":[],"rop_custom_messages_group":[],"rop_publish_now":"initial","rop_publish_now_accounts":[],"rop_publish_now_history":[],"rop_publish_now_status":"pending","footnotes":""},"class_list":["post-11","page","type-page","status-publish","hentry"],"_links":{"self":[{"href":"http:\/\/golesymarcadores.es\/en_US\/wp-json\/wp\/v2\/pages\/11","targetHints":{"allow":["GET"]}}],"collection":[{"href":"http:\/\/golesymarcadores.es\/en_US\/wp-json\/wp\/v2\/pages"}],"about":[{"href":"http:\/\/golesymarcadores.es\/en_US\/wp-json\/wp\/v2\/types\/page"}],"author":[{"embeddable":true,"href":"http:\/\/golesymarcadores.es\/en_US\/wp-json\/wp\/v2\/users\/1"}],"replies":[{"embeddable":true,"href":"http:\/\/golesymarcadores.es\/en_US\/wp-json\/wp\/v2\/comments?post=11"}],"version-history":[{"count":0,"href":"http:\/\/golesymarcadores.es\/en_US\/wp-json\/wp\/v2\/pages\/11\/revisions"}],"wp:attachment":[{"href":"http:\/\/golesymarcadores.es\/en_US\/wp-json\/wp\/v2\/media?parent=11"}],"curies":[{"name":"wp","href":"https:\/\/api.w.org\/{rel}","templated":true}]}}