{"id":18,"date":"2015-05-21T12:11:58","date_gmt":"2015-05-21T10:11:58","guid":{"rendered":"http:\/\/golesymarcadores.es\/?page_id=18"},"modified":"2015-07-14T12:27:09","modified_gmt":"2015-07-14T10:27:09","slug":"empezar-apostar","status":"publish","type":"page","link":"http:\/\/golesymarcadores.es\/pl_PL\/empezar-apostar\/","title":{"rendered":"Empezar a apostar"},"content":{"rendered":"<p>Vamos a explicaros c\u00f3mo <strong>empezar a apostar<\/strong> tras haber realizado ya el registro en la casa de apuestas de turno. En la mayor\u00eda de casas de apuestas el procedimiento es el mismo y queremos deciros que es realmente sencillo. Empezar a apostar no tiene mayor misterio que pinchar sobre la cuota que os guste y ponerle la cantidad que dese\u00e1is apostar en el cuadro en blanco que aparece junto a la cuota.<\/p>\n<p>Cada casa de apuestas te permitir\u00e1 realizar un ingreso m\u00ednimo para<strong> <a href=\"http:\/\/www.webapuestas.com\/guia-tutorial-apuestas\/empezar-apostar\/index.html\" target=\"_blank\">empezar a apostar<\/a><\/strong>. Bet365, por ejemplo, tiene un ingreso m\u00ednimo de 8 euros si realizamos el pago con tarjeta de cr\u00e9dito. William Hill, casa de apuestas brit\u00e1nica de gran fama, exige un ingreso m\u00ednimo de 10 euros para <strong>empezar a apostar<\/strong> en su p\u00e1gina web.<\/p>\n<p>Sportium.es tambi\u00e9n exige 10 euros de dep\u00f3sito m\u00ednimo para empezar a apostar tras haberte registrado en su portal. Suele ser bastante habitual en las<strong> casas de apuestas<\/strong> pedir esa cantidad de 10 euros para<strong> empezar a apostar<\/strong>.<br \/>\nLuckia es una de las casas de apuestas que m\u00e1s barato tiene el \u2018precio de entrada a su local\u2019 ya que exige un dep\u00f3sito m\u00ednimo de 5 euros.<\/p>\n<p>\u00bfYa est\u00e1is registrados y ya hab\u00e9is realizado el primer ingreso? Entonces es momento para hablaros sobre las <strong><a href=\"http:\/\/www.webapuestas.com\/estrategias-apuestas\/index.html\" target=\"_blank\">estrategias de las apuestas<\/a><\/strong> y sobre el primer paso para realizar vuestra primera apuesta.<\/p>\n<p>Lo primero que deb\u00e9is hacer es seleccionar el deporte en el que quer\u00e1is realizar vuestra primera apuesta. Se os desplegar\u00e1 un men\u00fa con muchos deportes, elegir el vuestro y posteriormente elegir el campeonato en el que os gustar\u00eda apostar. Por ejemplo, seleccionamos f\u00fatbol, luego le damos a la Liga BBVA de Espa\u00f1a y ah\u00ed seleccionamos el partido entre el Real Madrid y el FC Barcelona. Se nos abrir\u00e1n las cuotas del partido a pantalla completa y ah\u00ed es donde empieza todo.<\/p>\n<p>La gran mayor\u00eda de<strong> <a href=\"http:\/\/www.webapuestas.com\/casas-apuestas\/index.html\" target=\"_blank\">casas de apuestas<\/a><\/strong> tiene muy visual sus apuestas. Es tan sencillo como clicar sobre la propia cuota y veremos como esta nos sale remarcada. Normalmente aparece a la derecha la apuesta y un hueco en blanco para que pongamos la cantidad que deseamos apostar.<br \/>\nUna vez puesta dicha cantidad, tan solo restar\u00e1 darle a Apostar en el bot\u00f3n iluminado o destacado. Lo ver\u00e9is enseguida.<\/p>\n<p>En cada partido os ofrecer\u00e1n una serie de cuotas b\u00e1sicas como Resultado final, goleadores, tarjetas y resultados al descanso y al final del choque. Elegir lo que m\u00e1s domin\u00e9is o simplemente la cuota que m\u00e1s os seduzca a vuestro entender y empezar a apostar sin problemas. La apuesta m\u00e1s com\u00fan siempre es la del 1-X-2 de toda la vida.<\/p>\n<p>Si quer\u00e9is aprender estrategias de apuestas os recomendamos sin duda alguna el portal webapuestas en su secci\u00f3n de estrategias de apuestas. Ah\u00ed podr\u00e9is encontrar todo lo necesario para apostar con cabeza y para poder tener el mayor \u00edndice de acierto.<\/p>\n<p>En el mundo de las <strong>apuestas deportivas<\/strong> hay mucho que aprender y por ello os animamos a que os empap\u00e9is bien del blog de webapuestas para luego no llevaros sustos con detalles que desconoc\u00edais.<\/p>\n","protected":false},"excerpt":{"rendered":"<p>Vamos a explicaros c\u00f3mo empezar a apostar tras haber realizado ya el registro en la casa de apuestas de turno. En la mayor\u00eda de casas de apuestas el procedimiento es el mismo y queremos deciros que es realmente sencillo. Empezar a apostar no tiene mayor misterio que pinchar sobre la cuota que os guste y <a href=\"http:\/\/golesymarcadores.es\/pl_PL\/empezar-apostar\/\" rel=\"nofollow\"><span class=\"sr-only\">Read more about Empezar a apostar<\/span>[&hellip;]<\/a><\/p>\n","protected":false},"author":1,"featured_media":0,"parent":0,"menu_order":0,"comment_status":"open","ping_status":"open","template":"","meta":{"rop_custom_images_group":[],"rop_custom_messages_group":[],"rop_publish_now":"initial","rop_publish_now_accounts":[],"rop_publish_now_history":[],"rop_publish_now_status":"pending","footnotes":""},"class_list":["post-18","page","type-page","status-publish","hentry"],"_links":{"self":[{"href":"http:\/\/golesymarcadores.es\/pl_PL\/wp-json\/wp\/v2\/pages\/18","targetHints":{"allow":["GET"]}}],"collection":[{"href":"http:\/\/golesymarcadores.es\/pl_PL\/wp-json\/wp\/v2\/pages"}],"about":[{"href":"http:\/\/golesymarcadores.es\/pl_PL\/wp-json\/wp\/v2\/types\/page"}],"author":[{"embeddable":true,"href":"http:\/\/golesymarcadores.es\/pl_PL\/wp-json\/wp\/v2\/users\/1"}],"replies":[{"embeddable":true,"href":"http:\/\/golesymarcadores.es\/pl_PL\/wp-json\/wp\/v2\/comments?post=18"}],"version-history":[{"count":0,"href":"http:\/\/golesymarcadores.es\/pl_PL\/wp-json\/wp\/v2\/pages\/18\/revisions"}],"wp:attachment":[{"href":"http:\/\/golesymarcadores.es\/pl_PL\/wp-json\/wp\/v2\/media?parent=18"}],"curies":[{"name":"wp","href":"https:\/\/api.w.org\/{rel}","templated":true}]}}