{"id":20,"date":"2015-05-21T12:21:49","date_gmt":"2015-05-21T10:21:49","guid":{"rendered":"http:\/\/golesymarcadores.es\/?page_id=20"},"modified":"2019-05-10T11:46:33","modified_gmt":"2019-05-10T09:46:33","slug":"como-registrarme-casa-apuestas","status":"publish","type":"page","link":"http:\/\/golesymarcadores.es\/pl_PL\/como-registrarme-casa-apuestas\/","title":{"rendered":"Como me registro"},"content":{"rendered":"<p>Para poder vivir los <strong>partidos de f\u00fatbol<\/strong> con un grado m\u00e1ximo de emoci\u00f3n la mejor opci\u00f3n es a trav\u00e9s de las <strong>apuestas deportivas<\/strong>. Todo el mundo sabe como registrarse en una casa de apuestas, pero por si queda alg\u00fan despistado aqu\u00ed de explicamos como hacerlo. Gracias a unos peque\u00f1os consejos te marcamos el camino para descubrir como <strong>registrarse en una casa de apuestas<\/strong>.<\/p>\n<p>El primer paso para iniciarnos en nuestras <strong>apuestas deportivas<\/strong> es decidir cual es la opci\u00f3n que mejor se adecua a nosotros de entre todas las casas de apuestas. Los bonos de apuestas son uno de los factores que m\u00e1s ayuda a decantarse entre las <strong>casas de apuestas<\/strong>, pero hay otros muchos. Bet365, William Hill, Luckia y Sportium son algunas de las casas de apuestas mejor consideradas del mercado y tambi\u00e9n unas opciones muy recomendables.<\/p>\n<p>Todas ellas nos ofrecen un gran variedad de mercados y eventos, cubriendo todo tipo de <strong>competiciones deportivas<\/strong>. El f\u00fatbol, como no pod\u00eda ser de otra forma, es uno de los sectores m\u00e1s potentes. La Champions League, la Europa League, la Liga BBVA o la Premier League, todas las competiciones de f\u00fatbol de nivel est\u00e1n cubiertas por estas casas de apuestas y podemos apostar en todos y cada uno de los partidos.<\/p>\n<p>Adem\u00e1s, sus p\u00e1ginas web son sencillas de utilizar. Su interfaz es intuitiva y nos permite movernos sin problemas por sus men\u00fas, para encontrar con facilidad el partido que nos interesa. Y si no queremos apostar tambi\u00e9n podemos seguir el partido en directo. Y es que la oferta de partidos en directo es muy extensa en la mayor\u00eda de las casas de apuestas.<\/p>\n<p>Vamos a repasar las principales casas de apuestas y explicamos como registrarse en ellas. Por ejemplo, para registrarnos en la <strong><a href=\"http:\/\/www.webapuestas.com\/casas-apuestas\/bet365\/index.html\" target=\"_blank\" rel=\"noopener noreferrer\">casa de apuestas Bet365<\/a><\/strong> debemos entrar en su p\u00e1gina web. En el margen superior derecho de nuestra pantalla encontraremos el bot\u00f3n \u201cRegistrarse\u201d. Pulsamos ah\u00ed y se abrir\u00e1 un breve formulario en el que introduciremos nuestros datos. En cuanto validemos nuestros datos haciendo clic en el bot\u00f3n final del formulario \u201cRegistrarse\u201d, ya dispondremos de nuestra cuenta en Bet365 y podremos pasar a la acci\u00f3n.<\/p>\n<p>Igual de sencillo resulta darnos de alta en la <strong><a href=\"http:\/\/www.webapuestas.com\/casas-apuestas\/william-hill\/index.html\" target=\"_blank\" rel=\"noopener noreferrer\">casa de apuestas William Hill<\/a><\/strong>. Lo primero es acceder a la p\u00e1gina web de William Hill. En la parte derecha de la pantalla se encuentra colocado un bot\u00f3n verde en el que se puede leer \u2018Reg\u00edstrate\u2019. Pulsamos sobre \u00e9l y se abrir\u00e1 un formulario de registro. Completamos nuestros datos con total privacidad y cuando est\u00e9 el formulario rellenado pulsamos en el bot\u00f3n verde \u2018Registrar mi cuenta\u2019 que aparece debajo del todo. Eso nos permitir\u00e1 contar desde ese mismo instante con nuestra cuenta en William Hill.<\/p>\n<p>En el caso de la <strong><a href=\"https:\/\/www.luckia.es\/registrate\/apuesta-en-luckia\/?promotionCode=Generica&amp;tag=XXX&amp;utm_source=forobet&amp;utm_medium=afiliado&amp;utm_campaign=Deportes__Apuestas&amp;utm_content=20171120__LINK#\/registro\/\">casa de apuestas Luckia<\/a><\/strong> hay que seguir un proceso muy similar. En la pagina de inicio de la casa de apuestas ver\u00e1s un bot\u00f3n de color naranja en el que pone \u2018Reg\u00edstrate\u2019 entre signos de exclamaci\u00f3n. Despu\u00e9s de pinchar en \u00e9l, acudiremos a un formulario que rellenaremos con nuestros datos personales. Una vez terminado el formulario Luckia se pondr\u00e1 en contacto con nosotros para confirmarlos.<\/p>\n<p>Por \u00faltimo, tenemos la opci\u00f3n de la <strong><a href=\"http:\/\/www.webapuestas.com\/casas-apuestas\/sportium\/index.html\" target=\"_blank\" rel=\"noopener noreferrer\">casa de apuestas Sportium<\/a><\/strong>. En la parte superior de la p\u00e1gina web se puede ver un bot\u00f3n de color verde en el que pone \u2018Reg\u00edstrate\u2019. Pinchamos sobre \u00e9l para acceder al formulario que rellenamos con nuestros datos personales. Una vez completo pulsamos sobre el bot\u00f3n de \u2018Registrarse\u2019 y ya disfrutaremos de nuestra cuenta.<\/p>\n","protected":false},"excerpt":{"rendered":"<p>Para poder vivir los partidos de f\u00fatbol con un grado m\u00e1ximo de emoci\u00f3n la mejor opci\u00f3n es a trav\u00e9s de las apuestas deportivas. Todo el mundo sabe como registrarse en una casa de apuestas, pero por si queda alg\u00fan despistado aqu\u00ed de explicamos como hacerlo. Gracias a unos peque\u00f1os consejos te marcamos el camino para <a href=\"http:\/\/golesymarcadores.es\/pl_PL\/como-registrarme-casa-apuestas\/\" rel=\"nofollow\"><span class=\"sr-only\">Read more about Como me registro<\/span>[&hellip;]<\/a><\/p>\n","protected":false},"author":1,"featured_media":0,"parent":0,"menu_order":0,"comment_status":"open","ping_status":"open","template":"","meta":{"rop_custom_images_group":[],"rop_custom_messages_group":[],"rop_publish_now":"initial","rop_publish_now_accounts":[],"rop_publish_now_history":[],"rop_publish_now_status":"pending","footnotes":""},"class_list":["post-20","page","type-page","status-publish","hentry"],"_links":{"self":[{"href":"http:\/\/golesymarcadores.es\/pl_PL\/wp-json\/wp\/v2\/pages\/20","targetHints":{"allow":["GET"]}}],"collection":[{"href":"http:\/\/golesymarcadores.es\/pl_PL\/wp-json\/wp\/v2\/pages"}],"about":[{"href":"http:\/\/golesymarcadores.es\/pl_PL\/wp-json\/wp\/v2\/types\/page"}],"author":[{"embeddable":true,"href":"http:\/\/golesymarcadores.es\/pl_PL\/wp-json\/wp\/v2\/users\/1"}],"replies":[{"embeddable":true,"href":"http:\/\/golesymarcadores.es\/pl_PL\/wp-json\/wp\/v2\/comments?post=20"}],"version-history":[{"count":0,"href":"http:\/\/golesymarcadores.es\/pl_PL\/wp-json\/wp\/v2\/pages\/20\/revisions"}],"wp:attachment":[{"href":"http:\/\/golesymarcadores.es\/pl_PL\/wp-json\/wp\/v2\/media?parent=20"}],"curies":[{"name":"wp","href":"https:\/\/api.w.org\/{rel}","templated":true}]}}