{"id":22,"date":"2015-05-21T12:41:08","date_gmt":"2015-05-21T10:41:08","guid":{"rendered":"http:\/\/golesymarcadores.es\/?page_id=22"},"modified":"2019-05-10T11:44:23","modified_gmt":"2019-05-10T09:44:23","slug":"casas-apuestas","status":"publish","type":"page","link":"http:\/\/golesymarcadores.es\/pl_PL\/casas-apuestas\/","title":{"rendered":"Casas de apuestas"},"content":{"rendered":"<p>Seremos claros desde el principio: no todas las <strong>casas de apuestas<\/strong> son iguales. Como todo en la vida, hay mejores y peores, y aqu\u00ed venimos a contaros esas en las que siempre podr\u00e9is fiaros porque lo han demostrado con el buen trato a sus clientes. La experiencia de cada usuario siempre ayuda a generar una visi\u00f3n general de cada casa de apuesta y eso termina reflej\u00e1ndose en las redes sociales, blogs y dem\u00e1s.<\/p>\n<p>Vamos a presentaros e informaros de las <strong><a href=\"http:\/\/www.webapuestas.com\/casas-apuestas\/index.html\" target=\"_blank\" rel=\"noopener noreferrer\">mejores casa de apuestas en Espa\u00f1a<\/a><\/strong>. As\u00ed podr\u00e9is hacernos una idea de donde apostar con garant\u00edas.<\/p>\n<p>William Hill:<\/p>\n<p>William Hill es una casa de apuestas del Reino Unido que lleva ofreciendo sus servicios desde 1934, as\u00ed que son un cl\u00e1sico en la materia. Han sabido adaptarse a todos los cambios evolutivos de la sociedad y ahora tienen una de las interfaces m\u00e1s sencillas de usar del mercado. Portal web sin florituras y con todo bastante visible..<\/p>\n<p>Bet365.es:<\/p>\n<p>Otra casa de apuestas brit\u00e1nica, pero sin historia. Bet365 lleva desde principios del Siglo XXI ofreciendo sus servicios. Cabe destacar que entraron muy fuertes desde el principio ya que muy pronto ofrecieron las apuestas In Live (en directo) en su portal web.. Bet365 es un acierto siempre. En apuestas deportivas son lo de mejorcito.<\/p>\n<p>Sportium.es:<\/p>\n<p>En 2007 lleg\u00f3 Sportium gracias a la uni\u00f3n entre Cirsa y Ladbrokes, dos casas de apuestas de anta\u00f1o. Sportium es una <strong>casa de apuestas de Espa\u00f1a<\/strong> que est\u00e1 creciendo much\u00edsimo en los \u00faltimos a\u00f1os. Esta temporada patrocinan la Liga BBVA de Espa\u00f1a. Ofrecer bonos de bienvenida igual de suculentos que el resto de su competencia.<\/p>\n<p>Betfair:<\/p>\n<p>Betfair tambi\u00e9n es una de las mejores <strong>casas de apuestas<\/strong> del momento. Conocidos principalmente por la forma de apostar que ofrecen a sus clientes. Digamos que juegan unos contra otros y tienen la posibilidad de vender su apuesta en cierta momentos en directo. Esto gusta mucho a los usuarios dado que les facilita en muchas ocasiones no perder una apuesta por completo.<\/p>\n<p>Suertia:<\/p>\n<p>Una de las casas de apuestas m\u00e1s j\u00f3venes del momento. Fue fundada en 2012 por Eduardo Losilla y su crecimiento todav\u00eda est\u00e1 en marcha. Necesitan probablemente un lavado de imagen en cuanto a la interfaz ya que no es atractiva como pueden ser sus principales competidores.<\/p>\n<p>Luckia:<\/p>\n<p>Luckia es otra casa de apuestas muy joven pero que lleg\u00f3 golpeando muy fuerte con su <strong><a href=\"https:\/\/www.luckia.es\/registrate\/apuesta-en-luckia\/?promotionCode=Generica&amp;tag=XXX&amp;utm_source=forobet&amp;utm_medium=afiliado&amp;utm_campaign=Deportes__Apuestas&amp;utm_content=20171120__LINK#\/registro\/\" target=\"_blank\" rel=\"noopener noreferrer\">bono de bienvenida de 200 euros<\/a><\/strong>. Fueron la sensaci\u00f3n del momento. Esta casa de apuestas se asocia siempre con el naranja porque es su color corporativo, lo que hace su web muy llamativa, muy viva en colores.<\/p>\n<p>Paf:<\/p>\n<p>Paf , casa de apuestas finesa, tambi\u00e9n es una de las mejores en las que puedes jugar en Espa\u00f1a. Su web destaca por su sencillez y por la facilidad que tienen los usuarios para moverse por sus men\u00fas deportivos o de juegos y realizar apuestas deportivas..<\/p>\n<p>Marca Apuestas:<\/p>\n<p>Marca Apuestas est\u00e1 irrumpiendo con fuerza desde hace poco tiempo y la verdad que sus usuarios est\u00e1n muy contentos con la experiencia en lo que a <strong><a href=\"http:\/\/www.webapuestas.com\/\" target=\"_blank\" rel=\"noopener noreferrer\">apuestas deportivas<\/a><\/strong> se refiere. Aqu\u00ed juegas con la ventaja de tener informaci\u00f3n de primera mano del peri\u00f3dico. Muy interesante esta apuesta de Marca por las apuestas deportivas. Tambi\u00e9n ofrece un bono de bienvenida que llega hasta 100 euros.<\/p>\n","protected":false},"excerpt":{"rendered":"<p>Seremos claros desde el principio: no todas las casas de apuestas son iguales. Como todo en la vida, hay mejores y peores, y aqu\u00ed venimos a contaros esas en las que siempre podr\u00e9is fiaros porque lo han demostrado con el buen trato a sus clientes. La experiencia de cada usuario siempre ayuda a generar una <a href=\"http:\/\/golesymarcadores.es\/pl_PL\/casas-apuestas\/\" rel=\"nofollow\"><span class=\"sr-only\">Read more about Casas de apuestas<\/span>[&hellip;]<\/a><\/p>\n","protected":false},"author":1,"featured_media":0,"parent":0,"menu_order":0,"comment_status":"open","ping_status":"open","template":"","meta":{"rop_custom_images_group":[],"rop_custom_messages_group":[],"rop_publish_now":"initial","rop_publish_now_accounts":[],"rop_publish_now_history":[],"rop_publish_now_status":"pending","footnotes":""},"class_list":["post-22","page","type-page","status-publish","hentry"],"_links":{"self":[{"href":"http:\/\/golesymarcadores.es\/pl_PL\/wp-json\/wp\/v2\/pages\/22","targetHints":{"allow":["GET"]}}],"collection":[{"href":"http:\/\/golesymarcadores.es\/pl_PL\/wp-json\/wp\/v2\/pages"}],"about":[{"href":"http:\/\/golesymarcadores.es\/pl_PL\/wp-json\/wp\/v2\/types\/page"}],"author":[{"embeddable":true,"href":"http:\/\/golesymarcadores.es\/pl_PL\/wp-json\/wp\/v2\/users\/1"}],"replies":[{"embeddable":true,"href":"http:\/\/golesymarcadores.es\/pl_PL\/wp-json\/wp\/v2\/comments?post=22"}],"version-history":[{"count":0,"href":"http:\/\/golesymarcadores.es\/pl_PL\/wp-json\/wp\/v2\/pages\/22\/revisions"}],"wp:attachment":[{"href":"http:\/\/golesymarcadores.es\/pl_PL\/wp-json\/wp\/v2\/media?parent=22"}],"curies":[{"name":"wp","href":"https:\/\/api.w.org\/{rel}","templated":true}]}}