{"id":24,"date":"2015-05-21T13:16:27","date_gmt":"2015-05-21T11:16:27","guid":{"rendered":"http:\/\/golesymarcadores.es\/?page_id=24"},"modified":"2019-05-10T11:45:20","modified_gmt":"2019-05-10T09:45:20","slug":"bono-bienvenida","status":"publish","type":"page","link":"http:\/\/golesymarcadores.es\/ro_RO\/bono-bienvenida\/","title":{"rendered":"Bono de bienvenida"},"content":{"rendered":"<p>En el momento que decidimos entrar en el mundo de las apuestas deportivas lo primero que hacemos es buscar las casas de apuestas que m\u00e1s confianza nos da y despu\u00e9s de estudiar lo que nos aporta cada una de estas casas de apuestas valoramos el <strong>bono de bienvenida<\/strong> para apuestas que nos ofrecen.<\/p>\n<p>Con esto nos aseguramos unas primeras apuestas deportivas \u2018bonificadas\u2019 sin que arriesguemos nuestro dinero a las primeras de cambio, de manera que cada casa pone a disposici\u00f3n del usuario un bono de apuestas y por lo tanto antes del registro es importante saber las condiciones y como recibir el <strong>bono de bienvenida<\/strong>.<\/p>\n<p>En pocas palabras, como su propio nombre indica, un bono de bienvenida es un \u2018regalo\u2019 que te dan las <strong><a href=\"http:\/\/www.webapuestas.com\/casas-apuestas\/index.html\" target=\"_blank\" rel=\"noopener noreferrer\">casas de apuestas<\/a><\/strong> por haberte registrado con ellos y no con otros, un regalo en forma de bono para que puedas apostar.<\/p>\n<p>Profundizando un poco m\u00e1s, un <strong>bono de bienvenida<\/strong> no es otra cosa que la manera que tienen las casas de apuestas de agradecerte el registro con ellas y que te permite hacer unas primeras apuestas sin arriesgar tu capital, poniendo a tu disposici\u00f3n en la mayor\u00eda de los casos la misma cantidad de dinero que has ingresado al registrarte.<\/p>\n<p>Lo mejor de todo es que si ganas ese dinero se suma a tu cuenta y si pierdes pues no te descuentan el dinero que ingresas de tu bolsillo. As\u00ed pues, esta es b\u00e1sicamente la explicaci\u00f3n de lo que es un <strong>bono de bienvenida<\/strong>.<\/p>\n<p>Llegados a este punto la siguiente pregunta es: \u00bfD\u00f3nde puedo encontrar un bono de bienvenida? La respuesta es sencilla. Las <strong>casas de apuestas<\/strong> que tienen bonos de bienvenida para sus nuevos usuarios son William Hill, Bet365, Sportium, Betfair, Suertia, Luckia, Paf y Marca Apuestas. Cada una de estas casas tiene unas condiciones diferentes en sus bonos de bienvenida, que explicamos a continuaci\u00f3n:<\/p>\n<p>William Hill: William Hill te ofrece hasta 100 euros de <strong><a href=\"http:\/\/www.webapuestas.com\/bonos-apuestas\/index.html\" target=\"_blank\" rel=\"noopener noreferrer\">bono de bienvenida<\/a><\/strong>, lo que quiere decir que si ingresas 10 euros ellos suman a tu cuenta otros 10 euros. Como ellos mismos explican, igualan tu dep\u00f3sito hasta 100 euros.<\/p>\n<p>Bet365: En Bet365\u00a0de momento no hay bono de bienvenida.<\/p>\n<p>Sportium: En Sportium apuestan por la misma pol\u00edtica y tambi\u00e9n doblan tu primer dep\u00f3sito al registrarte, teniendo en cuenta que el m\u00e1ximo es de 100 euros.<\/p>\n<p>Betfair: Igual que las anteriores casas de apuesta, Betfair tambi\u00e9n te ofrece hasta 100 euros en apuestas gratis por registrarte. La diferencia, tal y como explican en Betfair es que si haces cuatro apuestas de 10 euros te dan 20 euros gratis y si repites esta operaci\u00f3n cinco veces es cuando te ingresan los 100 euros.<\/p>\n<p>Suertia: Esta casa te devuelve la cantidad apostada en el caso de que despu\u00e9s de registrarte, hacer un primer ingreso y una primera apuesta \u00e9sta no sea ganadora. La cantidad m\u00e1xima de dinero que te devuelven es de 50 euros.<\/p>\n<p>Luckia: Tambi\u00e9n se decantan por doblar la cantidad del primer ingreso pero en este caso llegan hasta los 200 euros en lugar de los 100 euros que ofrecen otras <strong>casas de apuestas<\/strong>.<\/p>\n<p>Paf: La devoluci\u00f3n del dinero de tu primera apuesta es la f\u00f3rmula de Paf. Para ello debes ingresar 20 euros o m\u00e1s y apostar 20 euros a un mismo evento y categor\u00eda. En el caso de perder la apuesta en 72 horas te devuelven el dinero<\/p>\n<p>Marca Apuestas: Igual que la mayor\u00eda de las <strong><a href=\"http:\/\/www.webapuestas.com\/casas-apuestas\/index.html\" target=\"_blank\" rel=\"noopener noreferrer\">casas de apuestas<\/a><\/strong> anteriores, Marca Apuestas opta por la devoluci\u00f3n del dinero de la primera apuesta (hasta 100 euros) en el caso de que no resulte ganadora.<\/p>\n<p>Por \u00faltimo, recibir estos bonos es tan sencillo como registrarte en la casa de apuestas seleccionada y hacer un primer ingreso. La propia casa se encarga de explicar los pasos a seguir para poder beneficiarte del bono de bienvenida.<\/p>\n","protected":false},"excerpt":{"rendered":"<p>En el momento que decidimos entrar en el mundo de las apuestas deportivas lo primero que hacemos es buscar las casas de apuestas que m\u00e1s confianza nos da y despu\u00e9s de estudiar lo que nos aporta cada una de estas casas de apuestas valoramos el bono de bienvenida para apuestas que nos ofrecen. Con esto <a href=\"http:\/\/golesymarcadores.es\/ro_RO\/bono-bienvenida\/\" rel=\"nofollow\"><span class=\"sr-only\">Read more about Bono de bienvenida<\/span>[&hellip;]<\/a><\/p>\n","protected":false},"author":1,"featured_media":0,"parent":0,"menu_order":0,"comment_status":"open","ping_status":"open","template":"","meta":{"rop_custom_images_group":[],"rop_custom_messages_group":[],"rop_publish_now":"initial","rop_publish_now_accounts":[],"rop_publish_now_history":[],"rop_publish_now_status":"pending","footnotes":""},"class_list":["post-24","page","type-page","status-publish","hentry"],"_links":{"self":[{"href":"http:\/\/golesymarcadores.es\/ro_RO\/wp-json\/wp\/v2\/pages\/24","targetHints":{"allow":["GET"]}}],"collection":[{"href":"http:\/\/golesymarcadores.es\/ro_RO\/wp-json\/wp\/v2\/pages"}],"about":[{"href":"http:\/\/golesymarcadores.es\/ro_RO\/wp-json\/wp\/v2\/types\/page"}],"author":[{"embeddable":true,"href":"http:\/\/golesymarcadores.es\/ro_RO\/wp-json\/wp\/v2\/users\/1"}],"replies":[{"embeddable":true,"href":"http:\/\/golesymarcadores.es\/ro_RO\/wp-json\/wp\/v2\/comments?post=24"}],"version-history":[{"count":0,"href":"http:\/\/golesymarcadores.es\/ro_RO\/wp-json\/wp\/v2\/pages\/24\/revisions"}],"wp:attachment":[{"href":"http:\/\/golesymarcadores.es\/ro_RO\/wp-json\/wp\/v2\/media?parent=24"}],"curies":[{"name":"wp","href":"https:\/\/api.w.org\/{rel}","templated":true}]}}